{"id":131,"date":"2025-02-26T16:14:13","date_gmt":"2025-02-26T13:14:13","guid":{"rendered":"https:\/\/cihangiratolye.com\/?page_id=131"},"modified":"2025-02-26T18:07:19","modified_gmt":"2025-02-26T15:07:19","slug":"hizmetlerimiz","status":"publish","type":"page","link":"https:\/\/cihangiratolye.com\/index.php\/hizmetlerimiz\/","title":{"rendered":"Hizmetlerimiz"},"content":{"rendered":"\n<div class=\"wp-block-columns has-neve-link-color-background-color has-background is-layout-flex wp-container-core-columns-is-layout-9d6595d7 wp-block-columns-is-layout-flex\" style=\"border-radius:35px\">\n<div class=\"wp-block-column is-layout-flow wp-block-column-is-layout-flow\">\n<figure class=\"wp-block-image size-large has-custom-border is-style-default\"><img loading=\"lazy\" decoding=\"async\" width=\"1024\" height=\"1024\" src=\"https:\/\/cihangiratolye.com\/wp-content\/uploads\/2025\/02\/manken_3-1024x1024.jpg\" alt=\"\" class=\"wp-image-147\" style=\"border-radius:35px\" srcset=\"https:\/\/cihangiratolye.com\/wp-content\/uploads\/2025\/02\/manken_3-1024x1024.jpg 1024w, https:\/\/cihangiratolye.com\/wp-content\/uploads\/2025\/02\/manken_3-300x300.jpg 300w, https:\/\/cihangiratolye.com\/wp-content\/uploads\/2025\/02\/manken_3-150x150.jpg 150w, https:\/\/cihangiratolye.com\/wp-content\/uploads\/2025\/02\/manken_3-768x768.jpg 768w, https:\/\/cihangiratolye.com\/wp-content\/uploads\/2025\/02\/manken_3.jpg 1080w\" sizes=\"auto, (max-width: 1024px) 100vw, 1024px\" \/><\/figure>\n\n\n\n<p><\/p>\n\n\n\n<h3 class=\"wp-block-heading has-text-align-center\">Modelli \u00c7ekimler<\/h3>\n\n\n\n<hr class=\"wp-block-separator has-text-color has-neve-button-color-color has-css-opacity has-neve-button-color-background-color has-background is-style-default\"\/>\n\n\n\n<p class=\"has-text-align-center\">Modellerimizle markan\u0131z\u0131 bir star yap\u0131yoruz! \u00dcr\u00fcnleriniz veya hizmetleriniz, art\u0131k birer k\u0131rm\u0131z\u0131 hal\u0131 y\u0131ld\u0131z\u0131.   Poz veren her \u015feyi g\u00fczelle\u015ftiriyoruz!<\/p>\n\n\n\n<div class=\"wp-block-buttons is-content-justification-center is-layout-flex wp-container-core-buttons-is-layout-16018d1d wp-block-buttons-is-layout-flex\">\n<div class=\"wp-block-button\"><a class=\"wp-block-button__link wp-element-button\">Markan\u0131z Star Olsun!<\/a><\/div>\n<\/div>\n<\/div>\n\n\n\n<div class=\"wp-block-column is-layout-flow wp-block-column-is-layout-flow\">\n<figure class=\"wp-block-image size-large has-custom-border is-style-default\"><img loading=\"lazy\" decoding=\"async\" width=\"1024\" height=\"1024\" src=\"https:\/\/cihangiratolye.com\/wp-content\/uploads\/2025\/02\/u\u0308ru\u0308n_1-1024x1024.jpg\" alt=\"\" class=\"wp-image-148\" style=\"border-radius:35px\" srcset=\"https:\/\/cihangiratolye.com\/wp-content\/uploads\/2025\/02\/u\u0308ru\u0308n_1-1024x1024.jpg 1024w, https:\/\/cihangiratolye.com\/wp-content\/uploads\/2025\/02\/u\u0308ru\u0308n_1-300x300.jpg 300w, https:\/\/cihangiratolye.com\/wp-content\/uploads\/2025\/02\/u\u0308ru\u0308n_1-150x150.jpg 150w, https:\/\/cihangiratolye.com\/wp-content\/uploads\/2025\/02\/u\u0308ru\u0308n_1-768x768.jpg 768w, https:\/\/cihangiratolye.com\/wp-content\/uploads\/2025\/02\/u\u0308ru\u0308n_1.jpg 1080w\" sizes=\"auto, (max-width: 1024px) 100vw, 1024px\" \/><\/figure>\n\n\n\n<p><\/p>\n\n\n\n<h3 class=\"wp-block-heading has-text-align-center\">\u00dcr\u00fcn \u00c7ekimi<\/h3>\n\n\n\n<hr class=\"wp-block-separator has-text-color has-neve-button-color-color has-css-opacity has-neve-button-color-background-color has-background is-style-default\"\/>\n\n\n\n<p class=\"has-text-align-center\">\u00dcr\u00fcnleriniz bizimle poz veriyor! E-ticaret siteniz veya kataloglar\u0131n\u0131z i\u00e7in \u00fcr\u00fcnlerinizi en \u015f\u0131k halleriyle \u00e7ekiyoruz. \u00dcr\u00fcn\u00fcn\u00fcz\u00fcn \u0131\u015f\u0131\u011f\u0131 bizim \u0131\u015f\u0131k bilgimizle yeniden \u015fekilleniyor!<\/p>\n\n\n\n<div class=\"wp-block-buttons is-content-justification-center is-layout-flex wp-container-core-buttons-is-layout-16018d1d wp-block-buttons-is-layout-flex\">\n<div class=\"wp-block-button\"><a class=\"wp-block-button__link wp-element-button\">\u00dcr\u00fcnlerin \u015e\u0131k Olsun!<\/a><\/div>\n<\/div>\n<\/div>\n<\/div>\n\n\n\n<div class=\"wp-block-columns has-neve-link-color-background-color has-background is-layout-flex wp-container-core-columns-is-layout-9d6595d7 wp-block-columns-is-layout-flex\" style=\"border-radius:35px\">\n<div class=\"wp-block-column is-layout-flow wp-block-column-is-layout-flow\">\n<figure class=\"wp-block-image size-large has-custom-border\"><img loading=\"lazy\" decoding=\"async\" width=\"1024\" height=\"1024\" src=\"https:\/\/cihangiratolye.com\/wp-content\/uploads\/2025\/02\/Sosyal-Medya_1-1024x1024.jpg\" alt=\"\" class=\"wp-image-150\" style=\"border-radius:35px\" srcset=\"https:\/\/cihangiratolye.com\/wp-content\/uploads\/2025\/02\/Sosyal-Medya_1-1024x1024.jpg 1024w, https:\/\/cihangiratolye.com\/wp-content\/uploads\/2025\/02\/Sosyal-Medya_1-300x300.jpg 300w, https:\/\/cihangiratolye.com\/wp-content\/uploads\/2025\/02\/Sosyal-Medya_1-150x150.jpg 150w, https:\/\/cihangiratolye.com\/wp-content\/uploads\/2025\/02\/Sosyal-Medya_1-768x768.jpg 768w, https:\/\/cihangiratolye.com\/wp-content\/uploads\/2025\/02\/Sosyal-Medya_1.jpg 1080w\" sizes=\"auto, (max-width: 1024px) 100vw, 1024px\" \/><\/figure>\n\n\n\n<p><\/p>\n\n\n\n<h3 class=\"wp-block-heading has-text-align-center\">Sosyal Medya Y\u00f6netimi<\/h3>\n\n\n\n<hr class=\"wp-block-separator has-text-color has-neve-button-color-color has-css-opacity has-neve-button-color-background-color has-background is-style-default\"\/>\n\n\n\n<p class=\"has-text-align-center\">Sosyal medyada trend olmak m\u0131 istiyorsunuz? Bizimle \u00e7al\u0131\u015f\u0131n, markan\u0131z\u0131 bir fenomen yapal\u0131m! \u0130\u00e7eriklerimizle takip\u00e7ilerinizi kendinize hayran b\u0131rak\u0131n.<\/p>\n\n\n\n<div class=\"wp-block-buttons is-content-justification-center is-layout-flex wp-container-core-buttons-is-layout-16018d1d wp-block-buttons-is-layout-flex\">\n<div class=\"wp-block-button\"><a class=\"wp-block-button__link wp-element-button\">Fenomen Ol!<\/a><\/div>\n<\/div>\n<\/div>\n\n\n\n<div class=\"wp-block-column is-layout-flow wp-block-column-is-layout-flow\">\n<figure class=\"wp-block-image size-large has-custom-border\"><img loading=\"lazy\" decoding=\"async\" width=\"1024\" height=\"1024\" src=\"https:\/\/cihangiratolye.com\/wp-content\/uploads\/2025\/02\/tanitim_filmi_1-1024x1024.jpg\" alt=\"\" class=\"wp-image-149\" style=\"border-radius:35px\" srcset=\"https:\/\/cihangiratolye.com\/wp-content\/uploads\/2025\/02\/tanitim_filmi_1-1024x1024.jpg 1024w, https:\/\/cihangiratolye.com\/wp-content\/uploads\/2025\/02\/tanitim_filmi_1-300x300.jpg 300w, https:\/\/cihangiratolye.com\/wp-content\/uploads\/2025\/02\/tanitim_filmi_1-150x150.jpg 150w, https:\/\/cihangiratolye.com\/wp-content\/uploads\/2025\/02\/tanitim_filmi_1-768x768.jpg 768w, https:\/\/cihangiratolye.com\/wp-content\/uploads\/2025\/02\/tanitim_filmi_1.jpg 1080w\" sizes=\"auto, (max-width: 1024px) 100vw, 1024px\" \/><\/figure>\n\n\n\n<p><\/p>\n\n\n\n<h3 class=\"wp-block-heading has-text-align-center\">Tan\u0131t\u0131m Filmi<\/h3>\n\n\n\n<hr class=\"wp-block-separator has-text-color has-neve-button-color-color has-css-opacity has-neve-button-color-background-color has-background is-style-default\"\/>\n\n\n\n<p class=\"has-text-align-center\">Markan\u0131z\u0131n hikayesini film tad\u0131nda anlat\u0131yoruz! Tan\u0131t\u0131m filmlerimizle markan\u0131z\u0131n \u00f6zg\u00fcn bir hikayesi olacak.      Oscar almaya haz\u0131r m\u0131s\u0131n\u0131z?<\/p>\n\n\n\n<div class=\"wp-block-buttons is-content-justification-center is-layout-flex wp-container-core-buttons-is-layout-16018d1d wp-block-buttons-is-layout-flex\">\n<div class=\"wp-block-button\"><a class=\"wp-block-button__link wp-element-button\">Oscar Al!<\/a><\/div>\n<\/div>\n<\/div>\n<\/div>\n\n\n\n<p><\/p>\n","protected":false},"excerpt":{"rendered":"<p>Modelli \u00c7ekimler Modellerimizle markan\u0131z\u0131 bir star yap\u0131yoruz! \u00dcr\u00fcnleriniz veya hizmetleriniz, art\u0131k birer k\u0131rm\u0131z\u0131 hal\u0131 y\u0131ld\u0131z\u0131. Poz veren her \u015feyi g\u00fczelle\u015ftiriyoruz! \u00dcr\u00fcn \u00c7ekimi \u00dcr\u00fcnleriniz bizimle poz veriyor! E-ticaret siteniz veya kataloglar\u0131n\u0131z i\u00e7in \u00fcr\u00fcnlerinizi en \u015f\u0131k halleriyle \u00e7ekiyoruz. \u00dcr\u00fcn\u00fcn\u00fcz\u00fcn \u0131\u015f\u0131\u011f\u0131 bizim \u0131\u015f\u0131k bilgimizle yeniden \u015fekilleniyor! Sosyal Medya Y\u00f6netimi Sosyal medyada trend olmak m\u0131 istiyorsunuz? Bizimle \u00e7al\u0131\u015f\u0131n, markan\u0131z\u0131&hellip;&nbsp;<a href=\"https:\/\/cihangiratolye.com\/index.php\/hizmetlerimiz\/\" rel=\"bookmark\">Daha fazlas\u0131n\u0131 oku &raquo;<span class=\"screen-reader-text\">Hizmetlerimiz<\/span><\/a><\/p>\n","protected":false},"author":1,"featured_media":0,"parent":0,"menu_order":0,"comment_status":"closed","ping_status":"closed","template":"","meta":{"neve_meta_sidebar":"","neve_meta_container":"","neve_meta_enable_content_width":"","neve_meta_content_width":0,"neve_meta_title_alignment":"","neve_meta_author_avatar":"","neve_post_elements_order":"","neve_meta_disable_header":"","neve_meta_disable_footer":"","neve_meta_disable_title":"","footnotes":""},"class_list":["post-131","page","type-page","status-publish","hentry"],"_links":{"self":[{"href":"https:\/\/cihangiratolye.com\/index.php\/wp-json\/wp\/v2\/pages\/131","targetHints":{"allow":["GET"]}}],"collection":[{"href":"https:\/\/cihangiratolye.com\/index.php\/wp-json\/wp\/v2\/pages"}],"about":[{"href":"https:\/\/cihangiratolye.com\/index.php\/wp-json\/wp\/v2\/types\/page"}],"author":[{"embeddable":true,"href":"https:\/\/cihangiratolye.com\/index.php\/wp-json\/wp\/v2\/users\/1"}],"replies":[{"embeddable":true,"href":"https:\/\/cihangiratolye.com\/index.php\/wp-json\/wp\/v2\/comments?post=131"}],"version-history":[{"count":11,"href":"https:\/\/cihangiratolye.com\/index.php\/wp-json\/wp\/v2\/pages\/131\/revisions"}],"predecessor-version":[{"id":156,"href":"https:\/\/cihangiratolye.com\/index.php\/wp-json\/wp\/v2\/pages\/131\/revisions\/156"}],"wp:attachment":[{"href":"https:\/\/cihangiratolye.com\/index.php\/wp-json\/wp\/v2\/media?parent=131"}],"curies":[{"name":"wp","href":"https:\/\/api.w.org\/{rel}","templated":true}]}}