{"id":19,"date":"2025-02-21T19:08:56","date_gmt":"2025-02-21T16:08:56","guid":{"rendered":"https:\/\/cihangiratolye.com\/?page_id=19"},"modified":"2025-02-22T17:42:06","modified_gmt":"2025-02-22T14:42:06","slug":"hakkinda","status":"publish","type":"page","link":"https:\/\/cihangiratolye.com\/index.php\/hakkinda\/","title":{"rendered":"Hakk\u0131nda"},"content":{"rendered":"\n<div class=\"wp-block-cover alignfull\" style=\"min-height:163px;aspect-ratio:unset;\"><span aria-hidden=\"true\" class=\"wp-block-cover__background has-neve-link-color-background-color has-background-dim-100 has-background-dim\"><\/span><div class=\"wp-block-cover__inner-container is-layout-flow wp-block-cover-is-layout-flow\">\n<div class=\"wp-block-group\" style=\"padding-right:var(--wp--preset--spacing--30);padding-left:var(--wp--preset--spacing--30)\"><div class=\"wp-block-group__inner-container is-layout-flow wp-block-group-is-layout-flow\">\n<h1 class=\"wp-block-heading has-text-align-left has-neve-text-color-color has-text-color\">Biz Kimiz?<\/h1>\n<\/div><\/div>\n<\/div><\/div>\n\n\n\n<div class=\"wp-block-cover alignfull has-custom-2-color has-text-color has-link-color wp-elements-d4ab76e3863b75088edb1bcb9228a826\" style=\"min-height:600px;aspect-ratio:unset;\"><span aria-hidden=\"true\" class=\"wp-block-cover__background has-neve-link-color-background-color has-background-dim-100 has-background-dim\"><\/span><div class=\"wp-block-cover__inner-container is-layout-flow wp-block-cover-is-layout-flow\">\n<div class=\"wp-block-group\"><div class=\"wp-block-group__inner-container is-layout-flow wp-block-group-is-layout-flow\">\n<div class=\"wp-block-columns are-vertically-aligned-center has-neve-text-color-color has-text-color is-layout-flex wp-container-core-columns-is-layout-9d6595d7 wp-block-columns-is-layout-flex\">\n<div class=\"wp-block-column is-vertically-aligned-center is-layout-flow wp-block-column-is-layout-flow\" style=\"padding-right:var(--wp--preset--spacing--30);padding-left:var(--wp--preset--spacing--30);flex-basis:50%\">\n<figure class=\"wp-block-image size-full has-custom-border\"><img loading=\"lazy\" decoding=\"async\" width=\"1707\" height=\"2560\" src=\"https:\/\/cihangiratolye.com\/wp-content\/uploads\/2025\/02\/cihan_1-scaled.jpg\" alt=\"\" class=\"wp-image-96\" style=\"border-radius:16px\" srcset=\"https:\/\/cihangiratolye.com\/wp-content\/uploads\/2025\/02\/cihan_1-scaled.jpg 1707w, https:\/\/cihangiratolye.com\/wp-content\/uploads\/2025\/02\/cihan_1-200x300.jpg 200w, https:\/\/cihangiratolye.com\/wp-content\/uploads\/2025\/02\/cihan_1-683x1024.jpg 683w, https:\/\/cihangiratolye.com\/wp-content\/uploads\/2025\/02\/cihan_1-768x1152.jpg 768w, https:\/\/cihangiratolye.com\/wp-content\/uploads\/2025\/02\/cihan_1-1024x1536.jpg 1024w, https:\/\/cihangiratolye.com\/wp-content\/uploads\/2025\/02\/cihan_1-1365x2048.jpg 1365w\" sizes=\"auto, (max-width: 1707px) 100vw, 1707px\" \/><\/figure>\n<\/div>\n\n\n\n<div class=\"wp-block-column is-vertically-aligned-center is-layout-flow wp-block-column-is-layout-flow\" style=\"padding-top:0;padding-right:var(--wp--preset--spacing--30);padding-bottom:0;padding-left:var(--wp--preset--spacing--30);flex-basis:50%\">\n<h2 class=\"wp-block-heading has-neve-text-color-color has-text-color\">Hikayemiz<\/h2>\n\n\n\n<p class=\"has-neve-text-color-color has-text-color\">Cihan ile ba\u015flad\u0131 hikayemiz. Bug\u00fcnlere gelmeden \u00f6nce neler yapt\u0131 derseniz;<\/p>\n\n\n\n<p class=\"has-neve-text-color-color has-text-color\">\u0130stanbul \u00dcniversitesi&#8217;ni bitirip bir s\u00fcre beyaz yakal\u0131 olarak \u00e7al\u0131\u015ft\u0131. Film ve g\u00f6rsel sanatlara olan ilgisi onu \u0130stanbul Drama Film At\u00f6lye&#8217;sine g\u00f6t\u00fcrd\u00fc ve senaryo e\u011fitimi ald\u0131.<\/p>\n\n\n\n<p>Film \u00e7ekmek i\u00e7in kameralarla ilgilenmeye ba\u015flad\u0131. Foto\u011fraf ile tan\u0131\u015ft\u0131. Plaza hayat\u0131ndan vazge\u00e7ip kendisini g\u00f6rsel sanatlara adad\u0131.<\/p>\n\n\n\n<p>\u015eu s\u0131ralarda Pamukkale \u00dcniversitesi&#8217;nde Sanat Tarihi e\u011fitimine devam ediyor.<\/p>\n<\/div>\n<\/div>\n\n\n\n<div style=\"height:40px\" aria-hidden=\"true\" class=\"wp-block-spacer\"><\/div>\n<\/div><\/div>\n<\/div><\/div>\n\n\n\n<div class=\"wp-block-cover alignfull\" style=\"min-height:600px;aspect-ratio:unset;\"><span aria-hidden=\"true\" class=\"wp-block-cover__background has-custom-2-background-color has-background-dim-100 has-background-dim\"><\/span><div class=\"wp-block-cover__inner-container is-layout-flow wp-block-cover-is-layout-flow\">\n<div class=\"wp-block-group\"><div class=\"wp-block-group__inner-container is-layout-flow wp-block-group-is-layout-flow\">\n<div style=\"height:80px\" aria-hidden=\"true\" class=\"wp-block-spacer\"><\/div>\n\n\n\n<div class=\"wp-block-columns are-vertically-aligned-center is-layout-flex wp-container-core-columns-is-layout-9d6595d7 wp-block-columns-is-layout-flex\">\n<div class=\"wp-block-column is-vertically-aligned-center is-layout-flow wp-block-column-is-layout-flow\" style=\"padding-right:var(--wp--preset--spacing--30);padding-left:var(--wp--preset--spacing--30);flex-basis:50%\">\n<h2 class=\"wp-block-heading has-nv-text-dark-bg-color has-text-color\">Cihangir At\u00f6lye&#8217;de bir de\u011fer<\/h2>\n\n\n\n<p class=\"has-nv-text-dark-bg-color has-text-color\">Peri, Cihangir At\u00f6lye ile film a\u015fk\u0131 sayesinde tan\u0131\u015ft\u0131. G\u00f6rsel ve estetik a\u00e7\u0131dan m\u00fckemmel bak\u0131\u015f a\u00e7\u0131s\u0131yla yeni de\u011ferimiz oldu.<\/p>\n\n\n\n<div style=\"height:20px\" aria-hidden=\"true\" class=\"wp-block-spacer\"><\/div>\n\n\n\n<div style=\"height:20px\" aria-hidden=\"true\" class=\"wp-block-spacer\"><\/div>\n<\/div>\n\n\n\n<div class=\"wp-block-column is-vertically-aligned-center is-layout-flow wp-block-column-is-layout-flow\" style=\"padding-right:var(--wp--preset--spacing--30);padding-left:var(--wp--preset--spacing--30);flex-basis:50%\">\n<figure class=\"wp-block-image size-full has-custom-border\"><img loading=\"lazy\" decoding=\"async\" width=\"1707\" height=\"2560\" src=\"https:\/\/cihangiratolye.com\/wp-content\/uploads\/2025\/02\/7-scaled.jpg\" alt=\"\" class=\"wp-image-97\" style=\"border-radius:16px\" srcset=\"https:\/\/cihangiratolye.com\/wp-content\/uploads\/2025\/02\/7-scaled.jpg 1707w, https:\/\/cihangiratolye.com\/wp-content\/uploads\/2025\/02\/7-200x300.jpg 200w, https:\/\/cihangiratolye.com\/wp-content\/uploads\/2025\/02\/7-683x1024.jpg 683w, https:\/\/cihangiratolye.com\/wp-content\/uploads\/2025\/02\/7-768x1152.jpg 768w, https:\/\/cihangiratolye.com\/wp-content\/uploads\/2025\/02\/7-1024x1536.jpg 1024w, https:\/\/cihangiratolye.com\/wp-content\/uploads\/2025\/02\/7-1365x2048.jpg 1365w\" sizes=\"auto, (max-width: 1707px) 100vw, 1707px\" \/><\/figure>\n<\/div>\n<\/div>\n\n\n\n<div style=\"height:40px\" aria-hidden=\"true\" class=\"wp-block-spacer\"><\/div>\n<\/div><\/div>\n<\/div><\/div>\n\n\n\n<div class=\"wp-block-cover alignfull\" style=\"min-height:600px;aspect-ratio:unset;\"><span aria-hidden=\"true\" class=\"wp-block-cover__background has-custom-2-background-color has-background-dim-100 has-background-dim\"><\/span><div class=\"wp-block-cover__inner-container is-layout-flow wp-block-cover-is-layout-flow\">\n<div class=\"wp-block-group\"><div class=\"wp-block-group__inner-container is-layout-flow wp-block-group-is-layout-flow\">\n<div class=\"wp-block-columns has-nv-text-dark-bg-color has-neve-link-color-background-color has-text-color has-background has-link-color wp-elements-aa5bd436510715adc106d5ff50bdb325 is-layout-flex wp-container-core-columns-is-layout-54bf4747 wp-block-columns-is-layout-flex\" style=\"border-radius:24px;padding-top:var(--wp--preset--spacing--70);padding-right:var(--wp--preset--spacing--70);padding-bottom:var(--wp--preset--spacing--70);padding-left:var(--wp--preset--spacing--70)\">\n<div class=\"wp-block-column is-layout-flow wp-block-column-is-layout-flow\" style=\"flex-basis:100%\">\n<h2 class=\"wp-block-heading has-nv-text-dark-bg-color has-text-color has-link-color has-huge-font-size wp-elements-65ea29849501966fc3d733e29d9232bf\">Bize Kat\u0131l!<\/h2>\n\n\n\n<p class=\"has-nv-text-dark-bg-color has-nv-dark-bg-background-color has-text-color has-background has-link-color wp-elements-b8d0d3edfc2c3c624084eb4bd5fab392\">Feeling inspired? <a href=\"mailto:info@cihangiratolye.com\">Join the team<\/a><\/p>\n<\/div>\n\n\n\n<div class=\"wp-block-column is-layout-flow wp-block-column-is-layout-flow\" style=\"flex-basis:100%\">\n<p><\/p>\n\n\n\n<p class=\"has-nv-text-dark-bg-color has-text-color has-link-color has-medium-font-size wp-elements-e08c7e816dd9dd0a0e31661b29cb5d1e\">Unutma, bug\u00fcn olmasa bile belki bir g\u00fcn beraber \u00e7al\u0131\u015fabiliriz!<\/p>\n<\/div>\n<\/div>\n\n\n\n<div style=\"height:40px\" aria-hidden=\"true\" class=\"wp-block-spacer\"><\/div>\n<\/div><\/div>\n<\/div><\/div>\n\n\n\n<p><\/p>\n","protected":false},"excerpt":{"rendered":"","protected":false},"author":1,"featured_media":0,"parent":0,"menu_order":0,"comment_status":"closed","ping_status":"closed","template":"","meta":{"neve_meta_sidebar":"","neve_meta_container":"","neve_meta_enable_content_width":"on","neve_meta_content_width":100,"neve_meta_title_alignment":"","neve_meta_author_avatar":"","neve_post_elements_order":"","neve_meta_disable_header":"","neve_meta_disable_footer":"","neve_meta_disable_title":"on","footnotes":""},"class_list":["post-19","page","type-page","status-publish","hentry"],"_links":{"self":[{"href":"https:\/\/cihangiratolye.com\/index.php\/wp-json\/wp\/v2\/pages\/19","targetHints":{"allow":["GET"]}}],"collection":[{"href":"https:\/\/cihangiratolye.com\/index.php\/wp-json\/wp\/v2\/pages"}],"about":[{"href":"https:\/\/cihangiratolye.com\/index.php\/wp-json\/wp\/v2\/types\/page"}],"author":[{"embeddable":true,"href":"https:\/\/cihangiratolye.com\/index.php\/wp-json\/wp\/v2\/users\/1"}],"replies":[{"embeddable":true,"href":"https:\/\/cihangiratolye.com\/index.php\/wp-json\/wp\/v2\/comments?post=19"}],"version-history":[{"count":5,"href":"https:\/\/cihangiratolye.com\/index.php\/wp-json\/wp\/v2\/pages\/19\/revisions"}],"predecessor-version":[{"id":101,"href":"https:\/\/cihangiratolye.com\/index.php\/wp-json\/wp\/v2\/pages\/19\/revisions\/101"}],"wp:attachment":[{"href":"https:\/\/cihangiratolye.com\/index.php\/wp-json\/wp\/v2\/media?parent=19"}],"curies":[{"name":"wp","href":"https:\/\/api.w.org\/{rel}","templated":true}]}}